{"id":1890,"date":"2023-03-26T09:59:23","date_gmt":"2023-03-26T09:59:23","guid":{"rendered":"https:\/\/cozystay.loftocean.com\/countryside-lodge\/?page_id=17"},"modified":"2025-08-07T15:59:13","modified_gmt":"2025-08-07T12:59:13","slug":"restaurant-kos","status":"publish","type":"page","link":"https:\/\/www.dandrealagoon.com\/de\/restaurant-kos\/","title":{"rendered":"Restaurants &#038; Bars"},"content":{"rendered":"<div data-elementor-type=\"wp-page\" data-elementor-id=\"1890\" class=\"elementor elementor-1890\">\n\t\t\t\t\t\t<section class=\"elementor-section elementor-top-section elementor-element elementor-element-17c28042 elementor-section-height-min-height cs-section-content-fullwidth cs-parallax-on-scroll cs_scroll_y_100 elementor-section-boxed elementor-section-height-default elementor-section-items-middle\" data-id=\"17c28042\" data-element_type=\"section\" data-settings=\"{&quot;background_background&quot;:&quot;classic&quot;}\" data-cs-parallax-y=\"100\" style=\"background-image: none;\" data-cs-background-image=\"https:\/\/www.dandrealagoon.com\/wp-content\/uploads\/2024\/02\/restaurants.jpg\">\n\t\t\t\t\t\t\t<div class=\"elementor-background-overlay\"><\/div>\n\t\t\t\t\t\t\t<div class=\"elementor-container elementor-column-gap-no\">\n\t\t\t\t\t<div class=\"elementor-column elementor-col-100 elementor-top-column elementor-element elementor-element-400b2370 dark-color\" data-id=\"400b2370\" data-element_type=\"column\">\n\t\t\t<div class=\"elementor-widget-wrap elementor-element-populated\">\n\t\t\t\t\t\t<div class=\"elementor-element elementor-element-5350bb46 elementor-widget elementor-widget-cs_title\" data-id=\"5350bb46\" data-element_type=\"widget\" data-widget_type=\"cs_title.default\">\n\t\t\t\t<div class=\"elementor-widget-container\">\n\t\t\t\n        <div class=\"cs-title-wrap text-center\">\t            <div class=\"cs-subtitle-wrap\"><span class=\"cs-subtitle color-white\">ZUSAMMENGESTELLTE KULINARISCHE ERLEBNISSE<\/span><\/div>\t            <h1 class=\"cs-title\">\n\t                Restaurants &amp; Bars\t            <\/h1>\t            <div class=\"cs-title-text\">\n\t                <p>Genie\u00dfen Sie eine vielf\u00e4ltige Auswahl an kulinarischen Optionen aus aller Welt.<\/p>\t            <\/div>        <\/div>\t\t<\/div>\n\t\t\t\t<\/div>\n\t\t\t\t\t<\/div>\n\t\t<\/div>\n\t\t\t\t\t<\/div>\n\t\t<\/section>\n\t\t\t\t<section class=\"elementor-section elementor-top-section elementor-element elementor-element-61c9cec8 cs-section-content-fullwidth elementor-section-boxed elementor-section-height-default elementor-section-height-default\" data-id=\"61c9cec8\" data-element_type=\"section\">\n\t\t\t\t\t\t<div class=\"elementor-container elementor-column-gap-no\">\n\t\t\t\t\t<div class=\"elementor-column elementor-col-50 elementor-top-column elementor-element elementor-element-5c28b5cf cs-animation-small-offset elementor-invisible\" data-id=\"5c28b5cf\" data-element_type=\"column\" data-settings=\"{&quot;animation&quot;:&quot;fadeInLeft&quot;}\">\n\t\t\t<div class=\"elementor-widget-wrap elementor-element-populated\">\n\t\t\t\t\t\t<div class=\"elementor-element elementor-element-5fdad157 elementor-widget elementor-widget-cs_title\" data-id=\"5fdad157\" data-element_type=\"widget\" data-widget_type=\"cs_title.default\">\n\t\t\t\t<div class=\"elementor-widget-container\">\n\t\t\t\n        <div class=\"cs-title-wrap\">\t            <div class=\"cs-subtitle-wrap\"><span class=\"cs-subtitle\">PERFEKTE FEINE SPEISEERLEBNISSE<\/span><\/div>\t            <h4 class=\"cs-title\">\n\t                Kulinarik im D'Andrea Lagoon\t            <\/h4>\t            <div class=\"cs-title-text\">\n\t                <p>Verlockende kulinarische Erfahrungen ohne festes Programm!<\/p><p>Beginnen Sie den Tag mit frischen S\u00e4ften, Gourmet-Kaffee und eine Auswahl an k\u00f6stlichen hei\u00dfen und kalten Gerichten vom \u00fcppigen Fr\u00fchst\u00fccksb\u00fcffet des Ode Restaurant.<\/p><p>Eier, Pfannkuchen und Waffeln sind werden auf Bestellung vom Chef zubereitet. Das Ode serviert Fleisch- und K\u00e4sespezialit\u00e4ten aus dem gesamten Mittelmeerraum.<\/p><p>Erkunden Sie die traditionelle Ecke oder die exzellente Teeprobe, bei der Sie die medizinischen Eigenschaften und Aromen der einzelnen Sorten kennenlernen k\u00f6nnen.<\/p><p>Zum A-la-carte-Mittagessen im Ode Restaurant geh\u00f6ren k\u00f6stlich und abwechslungsreiche griechische Vorspeisen, Fisch, Pasta, Hauptgerichte und Desserts. Zum Abendessen bieten die griechischen und mediterranen Gourmet-B\u00fcfetts eine verlockende Auswahl an hei\u00dfen und kalten Vorspeisen, Salaten, K\u00e4sespezialit\u00e4ten und Desserts.<\/p>\t            <\/div>        <\/div>\t\t<\/div>\n\t\t\t\t<\/div>\n\t\t\t\t\t<\/div>\n\t\t<\/div>\n\t\t\t\t<div class=\"elementor-column elementor-col-25 elementor-top-column elementor-element elementor-element-d5eeaa9\" data-id=\"d5eeaa9\" data-element_type=\"column\">\n\t\t\t<div class=\"elementor-widget-wrap elementor-element-populated\">\n\t\t\t\t\t\t<div class=\"elementor-element elementor-element-279ee96 cs-animation-small-offset elementor-invisible elementor-widget elementor-widget-image\" data-id=\"279ee96\" data-element_type=\"widget\" data-settings=\"{&quot;_animation&quot;:&quot;fadeInRight&quot;}\" data-widget_type=\"image.default\">\n\t\t\t\t<div class=\"elementor-widget-container\">\n\t\t\t<style>\/*! elementor - v3.19.0 - 07-02-2024 *\/\n.elementor-widget-image{text-align:center}.elementor-widget-image a{display:inline-block}.elementor-widget-image a img[src$=\".svg\"]{width:48px}.elementor-widget-image img{vertical-align:middle;display:inline-block}<\/style>\t\t\t\t\t\t\t\t\t\t<img fetchpriority=\"high\" decoding=\"async\" width=\"550\" height=\"825\" src=\"https:\/\/www.dandrealagoon.com\/wp-content\/uploads\/2024\/02\/3-550x825.jpg\" class=\"attachment-cozystay_550x9999 size-cozystay_550x9999 wp-image-2673\" alt=\"\" srcset=\"https:\/\/www.dandrealagoon.com\/wp-content\/uploads\/2024\/02\/3-550x825.jpg 550w, https:\/\/www.dandrealagoon.com\/wp-content\/uploads\/2024\/02\/3-200x300.jpg 200w, https:\/\/www.dandrealagoon.com\/wp-content\/uploads\/2024\/02\/3-683x1024.jpg 683w, https:\/\/www.dandrealagoon.com\/wp-content\/uploads\/2024\/02\/3-768x1152.jpg 768w, https:\/\/www.dandrealagoon.com\/wp-content\/uploads\/2024\/02\/3-780x1170.jpg 780w, https:\/\/www.dandrealagoon.com\/wp-content\/uploads\/2024\/02\/3-600x900.jpg 600w, https:\/\/www.dandrealagoon.com\/wp-content\/uploads\/2024\/02\/3-370x555.jpg 370w, https:\/\/www.dandrealagoon.com\/wp-content\/uploads\/2024\/02\/3-255x383.jpg 255w, https:\/\/www.dandrealagoon.com\/wp-content\/uploads\/2024\/02\/3.jpg 800w\" sizes=\"(max-width: 550px) 100vw, 550px\" \/>\t\t\t\t\t\t\t\t\t\t\t\t\t<\/div>\n\t\t\t\t<\/div>\n\t\t\t\t\t<\/div>\n\t\t<\/div>\n\t\t\t\t<div class=\"elementor-column elementor-col-25 elementor-top-column elementor-element elementor-element-b73cc14\" data-id=\"b73cc14\" data-element_type=\"column\">\n\t\t\t<div class=\"elementor-widget-wrap elementor-element-populated\">\n\t\t\t\t\t\t<div class=\"elementor-element elementor-element-f5c0ae9 cs-animation-medium-offset elementor-invisible elementor-widget elementor-widget-image\" data-id=\"f5c0ae9\" data-element_type=\"widget\" data-settings=\"{&quot;_animation&quot;:&quot;fadeInRight&quot;,&quot;_animation_delay&quot;:200}\" data-widget_type=\"image.default\">\n\t\t\t\t<div class=\"elementor-widget-container\">\n\t\t\t\t\t\t\t\t\t\t\t\t\t<img decoding=\"async\" width=\"550\" height=\"825\" src=\"https:\/\/www.dandrealagoon.com\/wp-content\/uploads\/2024\/02\/1-550x825.jpg\" class=\"attachment-cozystay_550x9999 size-cozystay_550x9999 wp-image-2677\" alt=\"\" srcset=\"https:\/\/www.dandrealagoon.com\/wp-content\/uploads\/2024\/02\/1-550x825.jpg 550w, https:\/\/www.dandrealagoon.com\/wp-content\/uploads\/2024\/02\/1-200x300.jpg 200w, https:\/\/www.dandrealagoon.com\/wp-content\/uploads\/2024\/02\/1-683x1024.jpg 683w, https:\/\/www.dandrealagoon.com\/wp-content\/uploads\/2024\/02\/1-768x1152.jpg 768w, https:\/\/www.dandrealagoon.com\/wp-content\/uploads\/2024\/02\/1-780x1170.jpg 780w, https:\/\/www.dandrealagoon.com\/wp-content\/uploads\/2024\/02\/1-600x900.jpg 600w, https:\/\/www.dandrealagoon.com\/wp-content\/uploads\/2024\/02\/1-370x555.jpg 370w, https:\/\/www.dandrealagoon.com\/wp-content\/uploads\/2024\/02\/1-255x383.jpg 255w, https:\/\/www.dandrealagoon.com\/wp-content\/uploads\/2024\/02\/1.jpg 800w\" sizes=\"(max-width: 550px) 100vw, 550px\" \/>\t\t\t\t\t\t\t\t\t\t\t\t\t<\/div>\n\t\t\t\t<\/div>\n\t\t\t\t\t<\/div>\n\t\t<\/div>\n\t\t\t\t\t<\/div>\n\t\t<\/section>\n\t\t\t\t<section class=\"elementor-section elementor-top-section elementor-element elementor-element-50545aa8 elementor-section-content-middle cs-section-content-fullwidth elementor-section-boxed elementor-section-height-default elementor-section-height-default\" data-id=\"50545aa8\" data-element_type=\"section\" data-settings=\"{&quot;background_background&quot;:&quot;classic&quot;}\">\n\t\t\t\t\t\t<div class=\"elementor-container elementor-column-gap-no\">\n\t\t\t\t\t<div class=\"elementor-column elementor-col-100 elementor-top-column elementor-element elementor-element-31443390 dark-color\" data-id=\"31443390\" data-element_type=\"column\">\n\t\t\t<div class=\"elementor-widget-wrap elementor-element-populated\">\n\t\t\t\t\t\t<div class=\"elementor-element elementor-element-5e143da1 cs-animation-small-offset elementor-invisible elementor-widget elementor-widget-cs_title\" data-id=\"5e143da1\" data-element_type=\"widget\" data-settings=\"{&quot;_animation&quot;:&quot;fadeInUp&quot;,&quot;_animation_delay&quot;:100}\" data-widget_type=\"cs_title.default\">\n\t\t\t\t<div class=\"elementor-widget-container\">\n\t\t\t\n        <div class=\"cs-title-wrap text-center\">\t            <div class=\"cs-subtitle-wrap\"><span class=\"cs-subtitle color-white\">PERFEKTE FEINE SPEISEERLEBNISSE<\/span><\/div>\t            <h4 class=\"cs-title\">\n\t                Ode Restaurant &amp; Bar\t            <\/h4>        <\/div>\t\t<\/div>\n\t\t\t\t<\/div>\n\t\t\t\t\t<\/div>\n\t\t<\/div>\n\t\t\t\t\t<\/div>\n\t\t<\/section>\n\t\t\t\t<section class=\"elementor-section elementor-top-section elementor-element elementor-element-3749072b cs-section-content-fullwidth elementor-section-boxed elementor-section-height-default elementor-section-height-default\" data-id=\"3749072b\" data-element_type=\"section\" data-settings=\"{&quot;background_background&quot;:&quot;classic&quot;}\">\n\t\t\t\t\t\t<div class=\"elementor-container elementor-column-gap-no\">\n\t\t\t\t\t<div class=\"elementor-column elementor-col-33 elementor-top-column elementor-element elementor-element-6c784a7e\" data-id=\"6c784a7e\" data-element_type=\"column\">\n\t\t\t<div class=\"elementor-widget-wrap elementor-element-populated\">\n\t\t\t\t\t\t<div class=\"elementor-element elementor-element-2bda5637 cs-animation-medium-offset elementor-invisible elementor-widget elementor-widget-cs_fancy_card\" data-id=\"2bda5637\" data-element_type=\"widget\" data-settings=\"{&quot;_animation&quot;:&quot;fadeInUp&quot;}\" data-widget_type=\"cs_fancy_card.default\">\n\t\t\t\t<div class=\"elementor-widget-container\">\n\t\t\t\n\t\t<div class=\"cs-fancy-card style-2 text-center cs-hover-img-zoom\">\n            <div class=\"cs-fc-wrap\">\t                <a class=\"cs-fc-link\" href=\"https:\/\/www.dandrealagoon.com\/de\/restaurants-bars-kos\/\"><\/a>\t               \t<div class=\"cs-fc-img\">\n\t                    <img decoding=\"async\" width=\"550\" height=\"550\" src=\"https:\/\/www.dandrealagoon.com\/wp-content\/uploads\/2024\/02\/18-550x550.jpg\" class=\"attachment-cozystay_550x9999 size-cozystay_550x9999 wp-image-2682\" alt=\"\" srcset=\"https:\/\/www.dandrealagoon.com\/wp-content\/uploads\/2024\/02\/18-550x550.jpg 550w, https:\/\/www.dandrealagoon.com\/wp-content\/uploads\/2024\/02\/18-300x300.jpg 300w, https:\/\/www.dandrealagoon.com\/wp-content\/uploads\/2024\/02\/18-150x150.jpg 150w, https:\/\/www.dandrealagoon.com\/wp-content\/uploads\/2024\/02\/18-768x768.jpg 768w, https:\/\/www.dandrealagoon.com\/wp-content\/uploads\/2024\/02\/18-780x780.jpg 780w, https:\/\/www.dandrealagoon.com\/wp-content\/uploads\/2024\/02\/18-600x600.jpg 600w, https:\/\/www.dandrealagoon.com\/wp-content\/uploads\/2024\/02\/18-370x370.jpg 370w, https:\/\/www.dandrealagoon.com\/wp-content\/uploads\/2024\/02\/18-255x255.jpg 255w, https:\/\/www.dandrealagoon.com\/wp-content\/uploads\/2024\/02\/18.jpg 800w\" sizes=\"(max-width: 550px) 100vw, 550px\" \/>\t                <\/div>\n                <div class=\"cs-fc-content\">\t\t\t\t\t\t<div class=\"cs-subtitle-wrap\"><span class=\"cs-subtitle color-primary\">Main Restaurant<\/span><\/div>\t\t\t            <h6 class=\"cs-fc-title cs-title\">\n\t\t\t                Ode Restaurant\t\t\t            <\/h6>\t\t\t\t<\/div>\n            <\/div>\n        <\/div>\t\t<\/div>\n\t\t\t\t<\/div>\n\t\t\t\t\t<\/div>\n\t\t<\/div>\n\t\t\t\t<div class=\"elementor-column elementor-col-33 elementor-top-column elementor-element elementor-element-3ca6fd09\" data-id=\"3ca6fd09\" data-element_type=\"column\">\n\t\t\t<div class=\"elementor-widget-wrap elementor-element-populated\">\n\t\t\t\t\t\t<div class=\"elementor-element elementor-element-68b18c21 cs-animation-medium-offset elementor-invisible elementor-widget elementor-widget-cs_fancy_card\" data-id=\"68b18c21\" data-element_type=\"widget\" data-settings=\"{&quot;_animation&quot;:&quot;fadeInUp&quot;}\" data-widget_type=\"cs_fancy_card.default\">\n\t\t\t\t<div class=\"elementor-widget-container\">\n\t\t\t\n\t\t<div class=\"cs-fancy-card style-2 text-center cs-hover-img-zoom\">\n            <div class=\"cs-fc-wrap\">\t                <a class=\"cs-fc-link\" href=\"https:\/\/www.dandrealagoon.com\/de\/restaurants-bars-kos\/#bar\"><\/a>\t               \t<div class=\"cs-fc-img\">\n\t                    <img loading=\"lazy\" decoding=\"async\" width=\"550\" height=\"550\" src=\"https:\/\/www.dandrealagoon.com\/wp-content\/uploads\/2024\/02\/bar-550x550.jpg\" class=\"attachment-cozystay_550x9999 size-cozystay_550x9999 wp-image-2683\" alt=\"\" srcset=\"https:\/\/www.dandrealagoon.com\/wp-content\/uploads\/2024\/02\/bar-550x550.jpg 550w, https:\/\/www.dandrealagoon.com\/wp-content\/uploads\/2024\/02\/bar-300x300.jpg 300w, https:\/\/www.dandrealagoon.com\/wp-content\/uploads\/2024\/02\/bar-150x150.jpg 150w, https:\/\/www.dandrealagoon.com\/wp-content\/uploads\/2024\/02\/bar-768x768.jpg 768w, https:\/\/www.dandrealagoon.com\/wp-content\/uploads\/2024\/02\/bar-780x780.jpg 780w, https:\/\/www.dandrealagoon.com\/wp-content\/uploads\/2024\/02\/bar-600x600.jpg 600w, https:\/\/www.dandrealagoon.com\/wp-content\/uploads\/2024\/02\/bar-370x370.jpg 370w, https:\/\/www.dandrealagoon.com\/wp-content\/uploads\/2024\/02\/bar-255x255.jpg 255w, https:\/\/www.dandrealagoon.com\/wp-content\/uploads\/2024\/02\/bar.jpg 800w\" sizes=\"(max-width: 550px) 100vw, 550px\" \/>\t                <\/div>\n                <div class=\"cs-fc-content\">\t\t\t\t\t\t<div class=\"cs-subtitle-wrap\"><span class=\"cs-subtitle color-primary\">\u00e0 la carte<\/span><\/div>\t\t\t            <h6 class=\"cs-fc-title cs-title\">\n\t\t\t                Ode Bar\t\t\t            <\/h6>\t\t\t\t<\/div>\n            <\/div>\n        <\/div>\t\t<\/div>\n\t\t\t\t<\/div>\n\t\t\t\t\t<\/div>\n\t\t<\/div>\n\t\t\t\t<div class=\"elementor-column elementor-col-33 elementor-top-column elementor-element elementor-element-23f1e1b\" data-id=\"23f1e1b\" data-element_type=\"column\">\n\t\t\t<div class=\"elementor-widget-wrap elementor-element-populated\">\n\t\t\t\t\t\t<div class=\"elementor-element elementor-element-659e694 cs-animation-medium-offset elementor-invisible elementor-widget elementor-widget-cs_fancy_card\" data-id=\"659e694\" data-element_type=\"widget\" data-settings=\"{&quot;_animation&quot;:&quot;fadeInUp&quot;}\" data-widget_type=\"cs_fancy_card.default\">\n\t\t\t\t<div class=\"elementor-widget-container\">\n\t\t\t\n\t\t<div class=\"cs-fancy-card style-2 text-center cs-hover-img-zoom\">\n            <div class=\"cs-fc-wrap\">\t                <a class=\"cs-fc-link\" href=\"https:\/\/www.dandrealagoon.com\/de\/restaurants-bars-kos\/#cava\"><\/a>\t               \t<div class=\"cs-fc-img\">\n\t                    <img loading=\"lazy\" decoding=\"async\" width=\"550\" height=\"550\" src=\"https:\/\/www.dandrealagoon.com\/wp-content\/uploads\/2024\/02\/cava-1-550x550.jpg\" class=\"attachment-cozystay_550x9999 size-cozystay_550x9999 wp-image-2689\" alt=\"\" srcset=\"https:\/\/www.dandrealagoon.com\/wp-content\/uploads\/2024\/02\/cava-1-550x550.jpg 550w, https:\/\/www.dandrealagoon.com\/wp-content\/uploads\/2024\/02\/cava-1-300x300.jpg 300w, https:\/\/www.dandrealagoon.com\/wp-content\/uploads\/2024\/02\/cava-1-150x150.jpg 150w, https:\/\/www.dandrealagoon.com\/wp-content\/uploads\/2024\/02\/cava-1-768x768.jpg 768w, https:\/\/www.dandrealagoon.com\/wp-content\/uploads\/2024\/02\/cava-1-780x780.jpg 780w, https:\/\/www.dandrealagoon.com\/wp-content\/uploads\/2024\/02\/cava-1-600x600.jpg 600w, https:\/\/www.dandrealagoon.com\/wp-content\/uploads\/2024\/02\/cava-1-370x370.jpg 370w, https:\/\/www.dandrealagoon.com\/wp-content\/uploads\/2024\/02\/cava-1-255x255.jpg 255w, https:\/\/www.dandrealagoon.com\/wp-content\/uploads\/2024\/02\/cava-1.jpg 800w\" sizes=\"(max-width: 550px) 100vw, 550px\" \/>\t                <\/div>\n                <div class=\"cs-fc-content\">\t\t\t\t\t\t<div class=\"cs-subtitle-wrap\"><span class=\"cs-subtitle color-primary\">\u00e0 la carte<\/span><\/div>\t\t\t            <h6 class=\"cs-fc-title cs-title\">\n\t\t\t                Ode  Cava\t\t\t            <\/h6>\t\t\t\t<\/div>\n            <\/div>\n        <\/div>\t\t<\/div>\n\t\t\t\t<\/div>\n\t\t\t\t\t<\/div>\n\t\t<\/div>\n\t\t\t\t\t<\/div>\n\t\t<\/section>\n\t\t\t\t<section class=\"elementor-section elementor-top-section elementor-element elementor-element-f5f29bb elementor-section-content-middle cs-section-content-fullwidth elementor-hidden-desktop elementor-hidden-tablet elementor-hidden-mobile elementor-section-boxed elementor-section-height-default elementor-section-height-default elementor-invisible\" data-id=\"f5f29bb\" data-element_type=\"section\" data-settings=\"{&quot;background_background&quot;:&quot;classic&quot;,&quot;animation&quot;:&quot;fadeIn&quot;}\">\n\t\t\t\t\t\t<div class=\"elementor-container elementor-column-gap-no\">\n\t\t\t\t\t<div class=\"elementor-column elementor-col-66 elementor-top-column elementor-element elementor-element-c2a750e\" data-id=\"c2a750e\" data-element_type=\"column\">\n\t\t\t<div class=\"elementor-widget-wrap\">\n\t\t\t\t\t\t\t<\/div>\n\t\t<\/div>\n\t\t\t\t<div class=\"elementor-column elementor-col-33 elementor-top-column elementor-element elementor-element-a369d52 dark-color cs-animation-medium-offset elementor-invisible\" data-id=\"a369d52\" data-element_type=\"column\" data-settings=\"{&quot;background_background&quot;:&quot;classic&quot;,&quot;animation&quot;:&quot;fadeInUp&quot;,&quot;animation_delay&quot;:400}\">\n\t\t\t<div class=\"elementor-widget-wrap elementor-element-populated\">\n\t\t\t\t\t\t<div class=\"elementor-element elementor-element-064f78c elementor-widget elementor-widget-cs_title\" data-id=\"064f78c\" data-element_type=\"widget\" data-widget_type=\"cs_title.default\">\n\t\t\t\t<div class=\"elementor-widget-container\">\n\t\t\t\n        <div class=\"cs-title-wrap\">\t            <h6 class=\"cs-title\">\n\t                \u00d6ffnungszeiten\t            <\/h6>        <\/div>\t\t<\/div>\n\t\t\t\t<\/div>\n\t\t\t\t<div class=\"elementor-element elementor-element-3635852 elementor-widget elementor-widget-cs_list\" data-id=\"3635852\" data-element_type=\"widget\" data-widget_type=\"cs_list.default\">\n\t\t\t\t<div class=\"elementor-widget-container\">\n\t\t\t\n            <ul class=\"cs-list cs-list-type-unordered\">                <li>                        <span class=\"list-icon color-primary\">\n                            <svg aria-hidden=\"true\" class=\"e-font-icon-svg e-fas-circle\" viewbox=\"0 0 512 512\" xmlns=\"http:\/\/www.w3.org\/2000\/svg\"><path d=\"M256 8C119 8 8 119 8 256s111 248 248 248 248-111 248-248S393 8 256 8z\"><\/path><\/svg>                        <\/span>                    <span class=\"list-content\">Lunch: Daily 11:30 till 18:00<\/span>                <\/li>                <li>                        <span class=\"list-icon color-primary\">\n                            <svg aria-hidden=\"true\" class=\"e-font-icon-svg e-fas-circle\" viewbox=\"0 0 512 512\" xmlns=\"http:\/\/www.w3.org\/2000\/svg\"><path d=\"M256 8C119 8 8 119 8 256s111 248 248 248 248-111 248-248S393 8 256 8z\"><\/path><\/svg>                        <\/span>                    <span class=\"list-content\">Dinner: Daily 18:00 till 22:00<\/span>                <\/li>                <li>                        <span class=\"list-icon color-primary\">\n                            <svg aria-hidden=\"true\" class=\"e-font-icon-svg e-fas-circle\" viewbox=\"0 0 512 512\" xmlns=\"http:\/\/www.w3.org\/2000\/svg\"><path d=\"M256 8C119 8 8 119 8 256s111 248 248 248 248-111 248-248S393 8 256 8z\"><\/path><\/svg>                        <\/span>                    <span class=\"list-content\">Dress Code: Casual<\/span>                <\/li>            <\/ul>\t\t<\/div>\n\t\t\t\t<\/div>\n\t\t\t\t<div class=\"elementor-element elementor-element-782e549 elementor-position-left elementor-vertical-align-middle elementor-view-default elementor-widget elementor-widget-icon-box\" data-id=\"782e549\" data-element_type=\"widget\" data-widget_type=\"icon-box.default\">\n\t\t\t\t<div class=\"elementor-widget-container\">\n\t\t\t<link rel=\"stylesheet\" href=\"https:\/\/www.dandrealagoon.com\/wp-content\/plugins\/elementor\/assets\/css\/widget-icon-box.min.css\">\t\t<div class=\"elementor-icon-box-wrapper\">\n\t\t\t\t\t\t<div class=\"elementor-icon-box-icon\">\n\t\t\t\t<span  class=\"elementor-icon elementor-animation-\">\n\t\t\t\t<svg aria-hidden=\"true\" class=\"e-font-icon-svg e-fas-phone-alt\" viewbox=\"0 0 512 512\" xmlns=\"http:\/\/www.w3.org\/2000\/svg\"><path d=\"M497.39 361.8l-112-48a24 24 0 0 0-28 6.9l-49.6 60.6A370.66 370.66 0 0 1 130.6 204.11l60.6-49.6a23.94 23.94 0 0 0 6.9-28l-48-112A24.16 24.16 0 0 0 122.6.61l-104 24A24 24 0 0 0 0 48c0 256.5 207.9 464 464 464a24 24 0 0 0 23.4-18.6l24-104a24.29 24.29 0 0 0-14.01-27.6z\"><\/path><\/svg>\t\t\t\t<\/span>\n\t\t\t<\/div>\n\t\t\t\t\t\t<div class=\"elementor-icon-box-content\">\n\t\t\t\t<div class=\"elementor-icon-box-title\">\n\t\t\t\t\t<span  >\n\t\t\t\t\t\tReservation by Phone\t\t\t\t\t<\/span>\n\t\t\t\t<\/div>\n\t\t\t\t\t\t\t\t\t<p class=\"elementor-icon-box-description\">\n\t\t\t\t\t\t<a href=\"tel: 41223456788\">+41 22 345 67 88<\/a>\t\t\t\t\t<\/p>\n\t\t\t\t\t\t\t<\/div>\n\t\t<\/div>\n\t\t\t\t<\/div>\n\t\t\t\t<\/div>\n\t\t\t\t\t<\/div>\n\t\t<\/div>\n\t\t\t\t\t<\/div>\n\t\t<\/section>\n\t\t\t\t<\/div>","protected":false},"excerpt":{"rendered":"<p>Curated Culinary Experiences Restaurants &amp; Bars Enjoy a various amount of dining options from around the world. Perfect Fine Dine Experiences Culinary At D&#8217;Andrea Lagoon Have tantalizing culinary experiences with no fixed agendas at our hotel restaurant in Kos! Start your day with fresh juices, gourmet coffees and a choice of delicious hot &amp; cold &#8230;<\/p>","protected":false},"author":1,"featured_media":0,"parent":0,"menu_order":0,"comment_status":"closed","ping_status":"closed","template":"template-wide-content.php","meta":{"inline_featured_image":false,"cozystay_single_page_hide_site_header":"","cozystay_single_page_site_header_source":"","cozystay_single_page_custom_site_header":"0","cozystay_single_page_custom_sticky_site_header":"0","cozystay_single_page_hide_page_title":"on","cozystay_single_page_header_section_size":"","cozystay_single_page_header_background_color":"","cozystay_single_page_header_background_position_x":"center","cozystay_single_page_header_background_position_y":"center","cozystay_single_page_header_background_size":"cover","cozystay_single_page_header_background_repeat":"off","cozystay_single_page_header_background_scroll":"on","cozystay_single_page_header_text_color":"","cozystay_single_page_header_show_breadcrumb":"","cozystay_single_page_site_footer_hide_main":"","cozystay_single_custom_site_footer_main_source":"","cozystay_single_custom_site_footer_main":"0","cozystay_single_page_site_footer_hide_above":"","cozystay_single_custom_site_footer_above_source":"","cozystay_single_custom_site_footer_above":"0","cozystay_single_page_site_footer_hide_instagram":"","cozystay_single_page_site_footer_hide_bottom":"","cozystay_single_custom_mobile_menu_source":"","cozystay_single_custom_mobile_menu":"0","cozystay_single_custom_mobile_menu_animation":"","cozystay_single_custom_mobile_menu_width":"","cozystay_single_custom_mobile_menu_custom_width":375,"footnotes":""},"class_list":["post-1890","page","type-page","status-publish","hentry"],"aioseo_notices":[],"_links":{"self":[{"href":"https:\/\/www.dandrealagoon.com\/de\/wp-json\/wp\/v2\/pages\/1890","targetHints":{"allow":["GET"]}}],"collection":[{"href":"https:\/\/www.dandrealagoon.com\/de\/wp-json\/wp\/v2\/pages"}],"about":[{"href":"https:\/\/www.dandrealagoon.com\/de\/wp-json\/wp\/v2\/types\/page"}],"author":[{"embeddable":true,"href":"https:\/\/www.dandrealagoon.com\/de\/wp-json\/wp\/v2\/users\/1"}],"replies":[{"embeddable":true,"href":"https:\/\/www.dandrealagoon.com\/de\/wp-json\/wp\/v2\/comments?post=1890"}],"version-history":[{"count":67,"href":"https:\/\/www.dandrealagoon.com\/de\/wp-json\/wp\/v2\/pages\/1890\/revisions"}],"predecessor-version":[{"id":3814,"href":"https:\/\/www.dandrealagoon.com\/de\/wp-json\/wp\/v2\/pages\/1890\/revisions\/3814"}],"wp:attachment":[{"href":"https:\/\/www.dandrealagoon.com\/de\/wp-json\/wp\/v2\/media?parent=1890"}],"curies":[{"name":"wp","href":"https:\/\/api.w.org\/{rel}","templated":true}]}}